{"id":871,"date":"2021-06-18T18:39:10","date_gmt":"2021-06-18T18:39:10","guid":{"rendered":"https:\/\/vpsgiare.asia\/?page_id=871"},"modified":"2021-06-19T03:58:03","modified_gmt":"2021-06-19T03:58:03","slug":"dich-vu-cdn","status":"publish","type":"page","link":"https:\/\/vpsgiare.asia\/vi\/dich-vu-cdn\/","title":{"rendered":"D\u1ecbch v\u1ee5 CDN"},"content":{"rendered":"\t\t<div data-elementor-type=\"wp-post\" data-elementor-id=\"871\" class=\"elementor elementor-871\" data-elementor-settings=\"[]\">\n\t\t\t\t\t\t<div class=\"elementor-inner\">\n\t\t\t\t\t\t\t<div class=\"elementor-section-wrap\">\n\t\t\t\t\t\t\t<section class=\"elementor-section elementor-top-section elementor-element elementor-element-661d979 elementor-section-height-min-height elementor-section-content-middle elementor-reverse-mobile elementor-section-boxed elementor-section-height-default elementor-section-items-middle\" data-id=\"661d979\" data-element_type=\"section\" data-settings=\"{&quot;background_background&quot;:&quot;classic&quot;}\">\n\t\t\t\t\t\t\t<div class=\"elementor-background-overlay\"><\/div>\n\t\t\t\t\t\t\t<div class=\"elementor-container elementor-column-gap-no\">\n\t\t\t\t\t\t\t<div class=\"elementor-row\">\n\t\t\t\t\t<div class=\"elementor-column elementor-col-100 elementor-top-column elementor-element elementor-element-e7d758e\" data-id=\"e7d758e\" data-element_type=\"column\">\n\t\t\t<div class=\"elementor-column-wrap elementor-element-populated\">\n\t\t\t\t\t\t\t<div class=\"elementor-widget-wrap\">\n\t\t\t\t\t\t<div class=\"elementor-element elementor-element-8f560c1 elementor-widget elementor-widget-heading\" data-id=\"8f560c1\" data-element_type=\"widget\" data-widget_type=\"heading.default\">\n\t\t\t\t<div class=\"elementor-widget-container\">\n\t\t\t<h2 class=\"elementor-heading-title elementor-size-default\">CONTENT DELIVERY EDGE NETWORK (CDN)<\/h2>\t\t<\/div>\n\t\t\t\t<\/div>\n\t\t\t\t<div class=\"elementor-element elementor-element-b085a7b elementor-widget elementor-widget-text-editor\" data-id=\"b085a7b\" data-element_type=\"widget\" data-widget_type=\"text-editor.default\">\n\t\t\t\t<div class=\"elementor-widget-container\">\n\t\t\t\t\t\t\t\t<div class=\"elementor-text-editor elementor-clearfix\">\n\t\t\t\t<p>Gi\u1ea3m \u0111\u1ed9 tr\u1ec5 khi t\u1ea3i n\u1ed9i dung \u0111\u01b0\u1ee3c truy c\u1eadp th\u01b0\u1eddng xuy\u00ean l\u00ean \u0111\u1ebfn 70%, c\u1ea3i thi\u1ec7n hi\u1ec7u su\u1ea5t t\u1ed5ng th\u1ec3 c\u1ee7a trang web ho\u1eb7c \u1ee9ng d\u1ee5ng. <span class=\"bx-messenger-content-item-content\"><span class=\"bx-messenger-content-item-text-center\"><span class=\"bx-messenger-content-item-text-message\"><span class=\"bx-messenger-content-item-text-wrap \"><span id=\"im-message-2587616\" class=\"bx-messenger-message\">Qu\u00fd kh\u00e1ch c\u00f3 th\u1ec3 tu\u1ef3 ch\u1ecdn m\u1ed9t subdomain v\u00e0 s\u1eed d\u1ee5ng ch\u1ee9ng ch\u1ec9 s\u1ed1 SSL c\u00f3 s\u1eb5n \u0111\u1ec3 b\u1ea3o m\u1eadt ho\u1eb7c Qu\u00fd kh\u00e1ch c\u00f3 th\u1ec3 s\u1eed d\u1ee5ng ch\u1ee9ng ch\u1ec9 s\u1ed1 SSL mi\u1ec5n ph\u00ed c\u1ee7a ch\u00fang t\u00f4i.<\/span><\/span><\/span><\/span><\/span><\/p><div class=\"bx-messenger-content-item bx-messenger-content-item-id-2587617 bx-messenger-content-item-2\" data-type=\"other\" data-senderid=\"8690\" data-messagedate=\"Sat Jun 19 2021 08:28:16 GMT+0700 (Indochina Time)\" data-messageid=\"2587617\" data-blockmessageid=\"2587617\">\u00a0<\/div>\t\t\t\t\t<\/div>\n\t\t\t\t\t\t<\/div>\n\t\t\t\t<\/div>\n\t\t\t\t\t\t<\/div>\n\t\t\t\t\t<\/div>\n\t\t<\/div>\n\t\t\t\t\t\t\t\t<\/div>\n\t\t\t\t\t<\/div>\n\t\t<\/section>\n\t\t\t\t<section class=\"elementor-section elementor-top-section elementor-element elementor-element-d5cee57 elementor-section-boxed elementor-section-height-default elementor-section-height-default\" data-id=\"d5cee57\" data-element_type=\"section\">\n\t\t\t\t\t\t<div class=\"elementor-container elementor-column-gap-default\">\n\t\t\t\t\t\t\t<div class=\"elementor-row\">\n\t\t\t\t\t<div class=\"elementor-column elementor-col-25 elementor-top-column elementor-element elementor-element-6858157\" data-id=\"6858157\" data-element_type=\"column\">\n\t\t\t<div class=\"elementor-column-wrap elementor-element-populated\">\n\t\t\t\t\t\t\t<div class=\"elementor-widget-wrap\">\n\t\t\t\t\t\t<div class=\"elementor-element elementor-element-1be4a6c elementor-widget elementor-widget-price-table\" data-id=\"1be4a6c\" data-element_type=\"widget\" data-widget_type=\"price-table.default\">\n\t\t\t\t<div class=\"elementor-widget-container\">\n\t\t\t\n\t\t<div class=\"elementor-price-table\">\n\t\t\t\t\t\t\t<div class=\"elementor-price-table__header\">\n\t\t\t\t\t\t\t\t\t\t\t<h3 class=\"elementor-price-table__heading\">\n\t\t\t\t\t\t10TB\t\t\t\t\t\t<\/h3>\n\t\t\t\t\t\n\t\t\t\t\t\t\t\t\t<\/div>\n\t\t\t\n\t\t\t<div class=\"elementor-price-table__price\">\n\t\t\t\t\t\t\t\t<span class=\"elementor-price-table__currency\">VN\u0110<\/span>\t\t\t\t\t\t\t\t\t<span class=\"elementor-price-table__integer-part\">\n\t\t\t\t\t\t2.160\t\t\t\t\t<\/span>\n\t\t\t\t\n\t\t\t\t\n\t\t\t\t\n\t\t\t\t\t\t\t\t\t<span class=\"elementor-price-table__period elementor-typo-excluded\">\/GB<\/span>\t\t\t\t\t\t\t<\/div>\n\n\t\t\t\t\t\t\t<ul class=\"elementor-price-table__features-list\">\n\t\t\t\t\t\t\t\t\t\t\t<li class=\"elementor-repeater-item-b3df305\">\n\t\t\t\t\t\t\t<div class=\"elementor-price-table__feature-inner\">\n\t\t\t\t\t\t\t\t<i aria-hidden=\"true\" class=\"far fa-check-circle\"><\/i>\t\t\t\t\t\t\t\t\t\t\t\t\t\t\t\t\t<span >\n\t\t\t\t\t\t\t\t\t\tLess than 10TB\t\t\t\t\t\t\t\t\t<\/span>\n\t\t\t\t\t\t\t\t\t\t\t\t\t\t\t\t<\/div>\n\t\t\t\t\t\t<\/li>\n\t\t\t\t\t\t\t\t\t<\/ul>\n\t\t\t\n\t\t\t\t\t\t\t<div class=\"elementor-price-table__footer\">\n\t\t\t\t\t\t\t\t\t\t\t<a class=\"elementor-price-table__button elementor-button elementor-size-md\" href=\"#\">\n\t\t\t\t\t\t\t\u0110\u0103ng k\u00fd ngay\t\t\t\t\t\t<\/a>\n\t\t\t\t\t\n\t\t\t\t\t\t\t\t\t<\/div>\n\t\t\t\t\t<\/div>\n\n\t\t\t\t<\/div>\n\t\t\t\t<\/div>\n\t\t\t\t\t\t<\/div>\n\t\t\t\t\t<\/div>\n\t\t<\/div>\n\t\t\t\t<div class=\"elementor-column elementor-col-25 elementor-top-column elementor-element elementor-element-aab50e1\" data-id=\"aab50e1\" data-element_type=\"column\">\n\t\t\t<div class=\"elementor-column-wrap elementor-element-populated\">\n\t\t\t\t\t\t\t<div class=\"elementor-widget-wrap\">\n\t\t\t\t\t\t<div class=\"elementor-element elementor-element-931e988 elementor-widget elementor-widget-price-table\" data-id=\"931e988\" data-element_type=\"widget\" data-widget_type=\"price-table.default\">\n\t\t\t\t<div class=\"elementor-widget-container\">\n\t\t\t\n\t\t<div class=\"elementor-price-table\">\n\t\t\t\t\t\t\t<div class=\"elementor-price-table__header\">\n\t\t\t\t\t\t\t\t\t\t\t<h3 class=\"elementor-price-table__heading\">\n\t\t\t\t\t\t10-50TB\t\t\t\t\t\t<\/h3>\n\t\t\t\t\t\n\t\t\t\t\t\t\t\t\t<\/div>\n\t\t\t\n\t\t\t<div class=\"elementor-price-table__price\">\n\t\t\t\t\t\t\t\t<span class=\"elementor-price-table__currency\">VN\u0110<\/span>\t\t\t\t\t\t\t\t\t<span class=\"elementor-price-table__integer-part\">\n\t\t\t\t\t\t1.440\t\t\t\t\t<\/span>\n\t\t\t\t\n\t\t\t\t\n\t\t\t\t\n\t\t\t\t\t\t\t\t\t<span class=\"elementor-price-table__period elementor-typo-excluded\">\/GB<\/span>\t\t\t\t\t\t\t<\/div>\n\n\t\t\t\t\t\t\t<ul class=\"elementor-price-table__features-list\">\n\t\t\t\t\t\t\t\t\t\t\t<li class=\"elementor-repeater-item-b3df305\">\n\t\t\t\t\t\t\t<div class=\"elementor-price-table__feature-inner\">\n\t\t\t\t\t\t\t\t<i aria-hidden=\"true\" class=\"far fa-check-circle\"><\/i>\t\t\t\t\t\t\t\t\t\t\t\t\t\t\t\t\t<span >\n\t\t\t\t\t\t\t\t\t\t10-50TB\t\t\t\t\t\t\t\t\t<\/span>\n\t\t\t\t\t\t\t\t\t\t\t\t\t\t\t\t<\/div>\n\t\t\t\t\t\t<\/li>\n\t\t\t\t\t\t\t\t\t<\/ul>\n\t\t\t\n\t\t\t\t\t\t\t<div class=\"elementor-price-table__footer\">\n\t\t\t\t\t\t\t\t\t\t\t<a class=\"elementor-price-table__button elementor-button elementor-size-md\" href=\"#\">\n\t\t\t\t\t\t\t\u0110\u0103ng k\u00fd ngay\t\t\t\t\t\t<\/a>\n\t\t\t\t\t\n\t\t\t\t\t\t\t\t\t<\/div>\n\t\t\t\t\t<\/div>\n\n\t\t\t\t<\/div>\n\t\t\t\t<\/div>\n\t\t\t\t\t\t<\/div>\n\t\t\t\t\t<\/div>\n\t\t<\/div>\n\t\t\t\t<div class=\"elementor-column elementor-col-25 elementor-top-column elementor-element elementor-element-80d946c\" data-id=\"80d946c\" data-element_type=\"column\">\n\t\t\t<div class=\"elementor-column-wrap elementor-element-populated\">\n\t\t\t\t\t\t\t<div class=\"elementor-widget-wrap\">\n\t\t\t\t\t\t<div class=\"elementor-element elementor-element-5ec1719 elementor-widget elementor-widget-price-table\" data-id=\"5ec1719\" data-element_type=\"widget\" data-widget_type=\"price-table.default\">\n\t\t\t\t<div class=\"elementor-widget-container\">\n\t\t\t\n\t\t<div class=\"elementor-price-table\">\n\t\t\t\t\t\t\t<div class=\"elementor-price-table__header\">\n\t\t\t\t\t\t\t\t\t\t\t<h3 class=\"elementor-price-table__heading\">\n\t\t\t\t\t\t50-100TB\t\t\t\t\t\t<\/h3>\n\t\t\t\t\t\n\t\t\t\t\t\t\t\t\t<\/div>\n\t\t\t\n\t\t\t<div class=\"elementor-price-table__price\">\n\t\t\t\t\t\t\t\t<span class=\"elementor-price-table__currency\">VN\u0110<\/span>\t\t\t\t\t\t\t\t\t<span class=\"elementor-price-table__integer-part\">\n\t\t\t\t\t\t960\t\t\t\t\t<\/span>\n\t\t\t\t\n\t\t\t\t\n\t\t\t\t\n\t\t\t\t\t\t\t\t\t<span class=\"elementor-price-table__period elementor-typo-excluded\">\/GB<\/span>\t\t\t\t\t\t\t<\/div>\n\n\t\t\t\t\t\t\t<ul class=\"elementor-price-table__features-list\">\n\t\t\t\t\t\t\t\t\t\t\t<li class=\"elementor-repeater-item-b3df305\">\n\t\t\t\t\t\t\t<div class=\"elementor-price-table__feature-inner\">\n\t\t\t\t\t\t\t\t<i aria-hidden=\"true\" class=\"far fa-check-circle\"><\/i>\t\t\t\t\t\t\t\t\t\t\t\t\t\t\t\t\t<span >\n\t\t\t\t\t\t\t\t\t\t50-100TB\t\t\t\t\t\t\t\t\t<\/span>\n\t\t\t\t\t\t\t\t\t\t\t\t\t\t\t\t<\/div>\n\t\t\t\t\t\t<\/li>\n\t\t\t\t\t\t\t\t\t<\/ul>\n\t\t\t\n\t\t\t\t\t\t\t<div class=\"elementor-price-table__footer\">\n\t\t\t\t\t\t\t\t\t\t\t<a class=\"elementor-price-table__button elementor-button elementor-size-md\" href=\"#\">\n\t\t\t\t\t\t\t\u0110\u0103ng k\u00fd ngay\t\t\t\t\t\t<\/a>\n\t\t\t\t\t\n\t\t\t\t\t\t\t\t\t<\/div>\n\t\t\t\t\t<\/div>\n\n\t\t\t\t<\/div>\n\t\t\t\t<\/div>\n\t\t\t\t\t\t<\/div>\n\t\t\t\t\t<\/div>\n\t\t<\/div>\n\t\t\t\t<div class=\"elementor-column elementor-col-25 elementor-top-column elementor-element elementor-element-2560c81\" data-id=\"2560c81\" data-element_type=\"column\">\n\t\t\t<div class=\"elementor-column-wrap elementor-element-populated\">\n\t\t\t\t\t\t\t<div class=\"elementor-widget-wrap\">\n\t\t\t\t\t\t<div class=\"elementor-element elementor-element-f811219 elementor-widget elementor-widget-price-table\" data-id=\"f811219\" data-element_type=\"widget\" data-widget_type=\"price-table.default\">\n\t\t\t\t<div class=\"elementor-widget-container\">\n\t\t\t\n\t\t<div class=\"elementor-price-table\">\n\t\t\t\t\t\t\t<div class=\"elementor-price-table__header\">\n\t\t\t\t\t\t\t\t\t\t\t<h3 class=\"elementor-price-table__heading\">\n\t\t\t\t\t\tL\u1edbn h\u01a1n 100TB\t\t\t\t\t\t<\/h3>\n\t\t\t\t\t\n\t\t\t\t\t\t\t\t\t<\/div>\n\t\t\t\n\t\t\t<div class=\"elementor-price-table__price\">\n\t\t\t\t\t\t\t\t<span class=\"elementor-price-table__currency\">VN\u0110<\/span>\t\t\t\t\t\t\t\t\t<span class=\"elementor-price-table__integer-part\">\n\t\t\t\t\t\txxx\t\t\t\t\t<\/span>\n\t\t\t\t\n\t\t\t\t\n\t\t\t\t\n\t\t\t\t\t\t\t\t\t<span class=\"elementor-price-table__period elementor-typo-excluded\">\/GB<\/span>\t\t\t\t\t\t\t<\/div>\n\n\t\t\t\t\t\t\t<ul class=\"elementor-price-table__features-list\">\n\t\t\t\t\t\t\t\t\t\t\t<li class=\"elementor-repeater-item-b3df305\">\n\t\t\t\t\t\t\t<div class=\"elementor-price-table__feature-inner\">\n\t\t\t\t\t\t\t\t<i aria-hidden=\"true\" class=\"far fa-check-circle\"><\/i>\t\t\t\t\t\t\t\t\t\t\t\t\t\t\t\t\t<span >\n\t\t\t\t\t\t\t\t\t\tL\u1edbn h\u01a1n 100TB\t\t\t\t\t\t\t\t\t<\/span>\n\t\t\t\t\t\t\t\t\t\t\t\t\t\t\t\t<\/div>\n\t\t\t\t\t\t<\/li>\n\t\t\t\t\t\t\t\t\t<\/ul>\n\t\t\t\n\t\t\t\t\t\t\t<div class=\"elementor-price-table__footer\">\n\t\t\t\t\t\t\t\t\t\t\t<a class=\"elementor-price-table__button elementor-button elementor-size-md\" href=\"#\">\n\t\t\t\t\t\t\tLi\u00ean h\u1ec7\t\t\t\t\t\t<\/a>\n\t\t\t\t\t\n\t\t\t\t\t\t\t\t\t<\/div>\n\t\t\t\t\t<\/div>\n\n\t\t\t\t<\/div>\n\t\t\t\t<\/div>\n\t\t\t\t\t\t<\/div>\n\t\t\t\t\t<\/div>\n\t\t<\/div>\n\t\t\t\t\t\t\t\t<\/div>\n\t\t\t\t\t<\/div>\n\t\t<\/section>\n\t\t\t\t<section class=\"elementor-section elementor-top-section elementor-element elementor-element-67ccbf2 elementor-section-boxed elementor-section-height-default elementor-section-height-default\" data-id=\"67ccbf2\" data-element_type=\"section\" data-settings=\"{&quot;background_background&quot;:&quot;classic&quot;}\">\n\t\t\t\t\t\t<div class=\"elementor-container elementor-column-gap-default\">\n\t\t\t\t\t\t\t<div class=\"elementor-row\">\n\t\t\t\t\t<div class=\"elementor-column elementor-col-33 elementor-top-column elementor-element elementor-element-4e15bb4\" data-id=\"4e15bb4\" data-element_type=\"column\">\n\t\t\t<div class=\"elementor-column-wrap elementor-element-populated\">\n\t\t\t\t\t\t\t<div class=\"elementor-widget-wrap\">\n\t\t\t\t\t\t<div class=\"elementor-element elementor-element-12f0f0f elementor-icon-list--layout-traditional elementor-list-item-link-full_width elementor-widget elementor-widget-icon-list\" data-id=\"12f0f0f\" data-element_type=\"widget\" data-widget_type=\"icon-list.default\">\n\t\t\t\t<div class=\"elementor-widget-container\">\n\t\t\t\t\t<ul class=\"elementor-icon-list-items\">\n\t\t\t\t\t\t\t<li class=\"elementor-icon-list-item\">\n\t\t\t\t\t\t\t\t\t\t\t<span class=\"elementor-icon-list-icon\">\n\t\t\t\t\t\t\t<i aria-hidden=\"true\" class=\"fab fa-weebly\"><\/i>\t\t\t\t\t\t<\/span>\n\t\t\t\t\t\t\t\t\t\t<span class=\"elementor-icon-list-text\">Web asset delivery<\/span>\n\t\t\t\t\t\t\t\t\t<\/li>\n\t\t\t\t\t\t<\/ul>\n\t\t\t\t<\/div>\n\t\t\t\t<\/div>\n\t\t\t\t\t\t<\/div>\n\t\t\t\t\t<\/div>\n\t\t<\/div>\n\t\t\t\t<div class=\"elementor-column elementor-col-33 elementor-top-column elementor-element elementor-element-2767cad\" data-id=\"2767cad\" data-element_type=\"column\">\n\t\t\t<div class=\"elementor-column-wrap elementor-element-populated\">\n\t\t\t\t\t\t\t<div class=\"elementor-widget-wrap\">\n\t\t\t\t\t\t<div class=\"elementor-element elementor-element-0672b05 elementor-icon-list--layout-traditional elementor-list-item-link-full_width elementor-widget elementor-widget-icon-list\" data-id=\"0672b05\" data-element_type=\"widget\" data-widget_type=\"icon-list.default\">\n\t\t\t\t<div class=\"elementor-widget-container\">\n\t\t\t\t\t<ul class=\"elementor-icon-list-items\">\n\t\t\t\t\t\t\t<li class=\"elementor-icon-list-item\">\n\t\t\t\t\t\t\t\t\t\t\t<span class=\"elementor-icon-list-icon\">\n\t\t\t\t\t\t\t<i aria-hidden=\"true\" class=\"fas fa-photo-video\"><\/i>\t\t\t\t\t\t<\/span>\n\t\t\t\t\t\t\t\t\t\t<span class=\"elementor-icon-list-text\">Media hosting<\/span>\n\t\t\t\t\t\t\t\t\t<\/li>\n\t\t\t\t\t\t<\/ul>\n\t\t\t\t<\/div>\n\t\t\t\t<\/div>\n\t\t\t\t\t\t<\/div>\n\t\t\t\t\t<\/div>\n\t\t<\/div>\n\t\t\t\t<div class=\"elementor-column elementor-col-33 elementor-top-column elementor-element elementor-element-bb1c111\" data-id=\"bb1c111\" data-element_type=\"column\">\n\t\t\t<div class=\"elementor-column-wrap elementor-element-populated\">\n\t\t\t\t\t\t\t<div class=\"elementor-widget-wrap\">\n\t\t\t\t\t\t<div class=\"elementor-element elementor-element-3f41b32 elementor-icon-list--layout-traditional elementor-list-item-link-full_width elementor-widget elementor-widget-icon-list\" data-id=\"3f41b32\" data-element_type=\"widget\" data-widget_type=\"icon-list.default\">\n\t\t\t\t<div class=\"elementor-widget-container\">\n\t\t\t\t\t<ul class=\"elementor-icon-list-items\">\n\t\t\t\t\t\t\t<li class=\"elementor-icon-list-item\">\n\t\t\t\t\t\t\t\t\t\t\t<span class=\"elementor-icon-list-icon\">\n\t\t\t\t\t\t\t<i aria-hidden=\"true\" class=\"fas fa-code\"><\/i>\t\t\t\t\t\t<\/span>\n\t\t\t\t\t\t\t\t\t\t<span class=\"elementor-icon-list-text\">Software delivery<\/span>\n\t\t\t\t\t\t\t\t\t<\/li>\n\t\t\t\t\t\t<\/ul>\n\t\t\t\t<\/div>\n\t\t\t\t<\/div>\n\t\t\t\t\t\t<\/div>\n\t\t\t\t\t<\/div>\n\t\t<\/div>\n\t\t\t\t\t\t\t\t<\/div>\n\t\t\t\t\t<\/div>\n\t\t<\/section>\n\t\t\t\t\t\t<\/div>\n\t\t\t\t\t\t<\/div>\n\t\t\t\t\t<\/div>\n\t\t","protected":false},"excerpt":{"rendered":"<p>CONTENT DELIVERY EDGE NETWORK (CDN) Gi\u1ea3m \u0111\u1ed9 tr\u1ec5 khi t\u1ea3i n\u1ed9i dung \u0111\u01b0\u1ee3c truy c\u1eadp th\u01b0\u1eddng xuy\u00ean l\u00ean \u0111\u1ebfn 70%, c\u1ea3i thi\u1ec7n hi\u1ec7u su\u1ea5t t\u1ed5ng th\u1ec3 c\u1ee7a trang web ho\u1eb7c \u1ee9ng d\u1ee5ng. Qu\u00fd kh\u00e1ch c\u00f3 th\u1ec3 tu\u1ef3 ch\u1ecdn m\u1ed9t subdomain v\u00e0 s\u1eed d\u1ee5ng ch\u1ee9ng ch\u1ec9 s\u1ed1 SSL c\u00f3 s\u1eb5n \u0111\u1ec3 b\u1ea3o m\u1eadt ho\u1eb7c Qu\u00fd kh\u00e1ch [&hellip;]<\/p>\n","protected":false},"author":3,"featured_media":0,"parent":0,"menu_order":0,"comment_status":"closed","ping_status":"closed","template":"","meta":[],"yoast_head":"<!-- This site is optimized with the Yoast SEO plugin v17.9 - https:\/\/yoast.com\/wordpress\/plugins\/seo\/ -->\n<title>D\u1ecbch v\u1ee5 CDN - VPS Gi\u00e1 R\u1ebb<\/title>\n<meta name=\"description\" content=\"D\u1ecbch v\u1ee5 CDN \u0111\u01b0\u1ee3c hi\u1ec3u l\u00e0 m\u1ea1ng ph\u00e2n ph\u1ed1i n\u1ed9i dung, gi\u00fap gi\u1ea3i quy\u1ebft v\u00e0 \u0111\u00e1p \u1ee9ng c\u00e1c h\u1ec7 th\u1ed1ng \u0111\u00f2i h\u1ecfi \u0111\u00e1p \u1ee9ng l\u01b0\u1ee3ng truy c\u1eadp l\u1edbn t\u1ea1i nhi\u1ec1u khu v\u1ef1c\" \/>\n<meta name=\"robots\" content=\"index, follow, max-snippet:-1, max-image-preview:large, max-video-preview:-1\" \/>\n<link rel=\"canonical\" href=\"https:\/\/vpsgiare.asia\/vi\/dich-vu-cdn\/\" \/>\n<meta property=\"og:locale\" content=\"vi_VN\" \/>\n<meta property=\"og:type\" content=\"article\" \/>\n<meta property=\"og:title\" content=\"Dich v\u1ee5 CDN ch\u1ec9 t\u1eeb 960VN\u0110\/GB\" \/>\n<meta property=\"og:description\" content=\"D\u1ecbch v\u1ee5 CDN \u0111\u01b0\u1ee3c hi\u1ec3u l\u00e0 m\u1ea1ng ph\u00e2n ph\u1ed1i n\u1ed9i dung, gi\u00fap gi\u1ea3i quy\u1ebft v\u00e0 \u0111\u00e1p \u1ee9ng c\u00e1c h\u1ec7 th\u1ed1ng \u0111\u00f2i h\u1ecfi \u0111\u00e1p \u1ee9ng l\u01b0\u1ee3ng truy c\u1eadp l\u1edbn t\u1ea1i nhi\u1ec1u khu v\u1ef1c\" \/>\n<meta property=\"og:url\" content=\"https:\/\/vpsgiare.asia\/vi\/dich-vu-cdn\/\" \/>\n<meta property=\"og:site_name\" content=\"VPS Gi\u00e1 R\u1ebb\" \/>\n<meta property=\"article:publisher\" content=\"https:\/\/www.facebook.com\/vpsgiare.asia\" \/>\n<meta property=\"article:modified_time\" content=\"2021-06-19T03:58:03+00:00\" \/>\n<meta property=\"og:image\" content=\"https:\/\/vpsgiare.asia\/wp-content\/uploads\/2021\/06\/VPSGIARE_FB_COVERWEB-01-1.png\" \/>\n\t<meta property=\"og:image:width\" content=\"1709\" \/>\n\t<meta property=\"og:image:height\" content=\"650\" \/>\n\t<meta property=\"og:image:type\" content=\"image\/png\" \/>\n<meta name=\"twitter:card\" content=\"summary_large_image\" \/>\n<meta name=\"twitter:title\" content=\"Dich v\u1ee5 CDN ch\u1ec9 t\u1eeb 960VN\u0110\/GB\" \/>\n<meta name=\"twitter:description\" content=\"D\u1ecbch v\u1ee5 CDN \u0111\u01b0\u1ee3c hi\u1ec3u l\u00e0 m\u1ea1ng ph\u00e2n ph\u1ed1i n\u1ed9i dung, gi\u00fap gi\u1ea3i quy\u1ebft v\u00e0 \u0111\u00e1p \u1ee9ng c\u00e1c h\u1ec7 th\u1ed1ng \u0111\u00f2i h\u1ecfi \u0111\u00e1p \u1ee9ng l\u01b0\u1ee3ng truy c\u1eadp l\u1edbn t\u1ea1i nhi\u1ec1u khu v\u1ef1c\" \/>\n<meta name=\"twitter:image\" content=\"https:\/\/vpsgiare.asia\/wp-content\/uploads\/2021\/06\/VPSGIARE_FB_COVERWEB-01-1.png\" \/>\n<meta name=\"twitter:label1\" content=\"Est. reading time\" \/>\n\t<meta name=\"twitter:data1\" content=\"1 minute\" \/>\n<script type=\"application\/ld+json\" class=\"yoast-schema-graph\">{\"@context\":\"https:\/\/schema.org\",\"@graph\":[{\"@type\":\"Organization\",\"@id\":\"https:\/\/vpsgiare.asia\/#organization\",\"name\":\"VPS Gia Re\",\"url\":\"https:\/\/vpsgiare.asia\/\",\"sameAs\":[\"https:\/\/www.facebook.com\/vpsgiare.asia\"],\"logo\":{\"@type\":\"ImageObject\",\"@id\":\"https:\/\/vpsgiare.asia\/#logo\",\"inLanguage\":\"vi-VN\",\"url\":\"https:\/\/vpsgiare.asia\/wp-content\/uploads\/2021\/01\/logo_vpsgiare.png\",\"contentUrl\":\"https:\/\/vpsgiare.asia\/wp-content\/uploads\/2021\/01\/logo_vpsgiare.png\",\"width\":396,\"height\":128,\"caption\":\"VPS Gia Re\"},\"image\":{\"@id\":\"https:\/\/vpsgiare.asia\/#logo\"}},{\"@type\":\"WebSite\",\"@id\":\"https:\/\/vpsgiare.asia\/#website\",\"url\":\"https:\/\/vpsgiare.asia\/\",\"name\":\"VPS Gi\\u00e1 R\\u1ebb\",\"description\":\"One-stop Cloud Solution in Vietnam\",\"publisher\":{\"@id\":\"https:\/\/vpsgiare.asia\/#organization\"},\"potentialAction\":[{\"@type\":\"SearchAction\",\"target\":{\"@type\":\"EntryPoint\",\"urlTemplate\":\"https:\/\/vpsgiare.asia\/?s={search_term_string}\"},\"query-input\":\"required name=search_term_string\"}],\"inLanguage\":\"vi-VN\"},{\"@type\":\"ImageObject\",\"@id\":\"https:\/\/vpsgiare.asia\/vi\/dich-vu-cdn\/#primaryimage\",\"inLanguage\":\"vi-VN\",\"url\":\"https:\/\/vpsgiare.asia\/wp-content\/uploads\/2021\/06\/VPSGIARE_FB_COVERWEB-01-1.png\",\"contentUrl\":\"https:\/\/vpsgiare.asia\/wp-content\/uploads\/2021\/06\/VPSGIARE_FB_COVERWEB-01-1.png\",\"width\":1709,\"height\":650},{\"@type\":\"WebPage\",\"@id\":\"https:\/\/vpsgiare.asia\/vi\/dich-vu-cdn\/#webpage\",\"url\":\"https:\/\/vpsgiare.asia\/vi\/dich-vu-cdn\/\",\"name\":\"D\\u1ecbch v\\u1ee5 CDN - VPS Gi\\u00e1 R\\u1ebb\",\"isPartOf\":{\"@id\":\"https:\/\/vpsgiare.asia\/#website\"},\"datePublished\":\"2021-06-18T18:39:10+00:00\",\"dateModified\":\"2021-06-19T03:58:03+00:00\",\"description\":\"D\\u1ecbch v\\u1ee5 CDN \\u0111\\u01b0\\u1ee3c hi\\u1ec3u l\\u00e0 m\\u1ea1ng ph\\u00e2n ph\\u1ed1i n\\u1ed9i dung, gi\\u00fap gi\\u1ea3i quy\\u1ebft v\\u00e0 \\u0111\\u00e1p \\u1ee9ng c\\u00e1c h\\u1ec7 th\\u1ed1ng \\u0111\\u00f2i h\\u1ecfi \\u0111\\u00e1p \\u1ee9ng l\\u01b0\\u1ee3ng truy c\\u1eadp l\\u1edbn t\\u1ea1i nhi\\u1ec1u khu v\\u1ef1c\",\"breadcrumb\":{\"@id\":\"https:\/\/vpsgiare.asia\/vi\/dich-vu-cdn\/#breadcrumb\"},\"inLanguage\":\"vi-VN\",\"potentialAction\":[{\"@type\":\"ReadAction\",\"target\":[\"https:\/\/vpsgiare.asia\/vi\/dich-vu-cdn\/\"]}]},{\"@type\":\"BreadcrumbList\",\"@id\":\"https:\/\/vpsgiare.asia\/vi\/dich-vu-cdn\/#breadcrumb\",\"itemListElement\":[{\"@type\":\"ListItem\",\"position\":1,\"name\":\"Home\",\"item\":\"https:\/\/vpsgiare.asia\/vi\/\"},{\"@type\":\"ListItem\",\"position\":2,\"name\":\"D\\u1ecbch v\\u1ee5 CDN\"}]}]}<\/script>\n<!-- \/ Yoast SEO plugin. -->","yoast_head_json":{"title":"D\u1ecbch v\u1ee5 CDN - VPS Gi\u00e1 R\u1ebb","description":"D\u1ecbch v\u1ee5 CDN \u0111\u01b0\u1ee3c hi\u1ec3u l\u00e0 m\u1ea1ng ph\u00e2n ph\u1ed1i n\u1ed9i dung, gi\u00fap gi\u1ea3i quy\u1ebft v\u00e0 \u0111\u00e1p \u1ee9ng c\u00e1c h\u1ec7 th\u1ed1ng \u0111\u00f2i h\u1ecfi \u0111\u00e1p \u1ee9ng l\u01b0\u1ee3ng truy c\u1eadp l\u1edbn t\u1ea1i nhi\u1ec1u khu v\u1ef1c","robots":{"index":"index","follow":"follow","max-snippet":"max-snippet:-1","max-image-preview":"max-image-preview:large","max-video-preview":"max-video-preview:-1"},"canonical":"https:\/\/vpsgiare.asia\/vi\/dich-vu-cdn\/","og_locale":"vi_VN","og_type":"article","og_title":"Dich v\u1ee5 CDN ch\u1ec9 t\u1eeb 960VN\u0110\/GB","og_description":"D\u1ecbch v\u1ee5 CDN \u0111\u01b0\u1ee3c hi\u1ec3u l\u00e0 m\u1ea1ng ph\u00e2n ph\u1ed1i n\u1ed9i dung, gi\u00fap gi\u1ea3i quy\u1ebft v\u00e0 \u0111\u00e1p \u1ee9ng c\u00e1c h\u1ec7 th\u1ed1ng \u0111\u00f2i h\u1ecfi \u0111\u00e1p \u1ee9ng l\u01b0\u1ee3ng truy c\u1eadp l\u1edbn t\u1ea1i nhi\u1ec1u khu v\u1ef1c","og_url":"https:\/\/vpsgiare.asia\/vi\/dich-vu-cdn\/","og_site_name":"VPS Gi\u00e1 R\u1ebb","article_publisher":"https:\/\/www.facebook.com\/vpsgiare.asia","article_modified_time":"2021-06-19T03:58:03+00:00","og_image":[{"width":1709,"height":650,"url":"https:\/\/vpsgiare.asia\/wp-content\/uploads\/2021\/06\/VPSGIARE_FB_COVERWEB-01-1.png","type":"image\/png"}],"twitter_card":"summary_large_image","twitter_title":"Dich v\u1ee5 CDN ch\u1ec9 t\u1eeb 960VN\u0110\/GB","twitter_description":"D\u1ecbch v\u1ee5 CDN \u0111\u01b0\u1ee3c hi\u1ec3u l\u00e0 m\u1ea1ng ph\u00e2n ph\u1ed1i n\u1ed9i dung, gi\u00fap gi\u1ea3i quy\u1ebft v\u00e0 \u0111\u00e1p \u1ee9ng c\u00e1c h\u1ec7 th\u1ed1ng \u0111\u00f2i h\u1ecfi \u0111\u00e1p \u1ee9ng l\u01b0\u1ee3ng truy c\u1eadp l\u1edbn t\u1ea1i nhi\u1ec1u khu v\u1ef1c","twitter_image":"https:\/\/vpsgiare.asia\/wp-content\/uploads\/2021\/06\/VPSGIARE_FB_COVERWEB-01-1.png","twitter_misc":{"Est. reading time":"1 minute"},"schema":{"@context":"https:\/\/schema.org","@graph":[{"@type":"Organization","@id":"https:\/\/vpsgiare.asia\/#organization","name":"VPS Gia Re","url":"https:\/\/vpsgiare.asia\/","sameAs":["https:\/\/www.facebook.com\/vpsgiare.asia"],"logo":{"@type":"ImageObject","@id":"https:\/\/vpsgiare.asia\/#logo","inLanguage":"vi-VN","url":"https:\/\/vpsgiare.asia\/wp-content\/uploads\/2021\/01\/logo_vpsgiare.png","contentUrl":"https:\/\/vpsgiare.asia\/wp-content\/uploads\/2021\/01\/logo_vpsgiare.png","width":396,"height":128,"caption":"VPS Gia Re"},"image":{"@id":"https:\/\/vpsgiare.asia\/#logo"}},{"@type":"WebSite","@id":"https:\/\/vpsgiare.asia\/#website","url":"https:\/\/vpsgiare.asia\/","name":"VPS Gi\u00e1 R\u1ebb","description":"One-stop Cloud Solution in Vietnam","publisher":{"@id":"https:\/\/vpsgiare.asia\/#organization"},"potentialAction":[{"@type":"SearchAction","target":{"@type":"EntryPoint","urlTemplate":"https:\/\/vpsgiare.asia\/?s={search_term_string}"},"query-input":"required name=search_term_string"}],"inLanguage":"vi-VN"},{"@type":"ImageObject","@id":"https:\/\/vpsgiare.asia\/vi\/dich-vu-cdn\/#primaryimage","inLanguage":"vi-VN","url":"https:\/\/vpsgiare.asia\/wp-content\/uploads\/2021\/06\/VPSGIARE_FB_COVERWEB-01-1.png","contentUrl":"https:\/\/vpsgiare.asia\/wp-content\/uploads\/2021\/06\/VPSGIARE_FB_COVERWEB-01-1.png","width":1709,"height":650},{"@type":"WebPage","@id":"https:\/\/vpsgiare.asia\/vi\/dich-vu-cdn\/#webpage","url":"https:\/\/vpsgiare.asia\/vi\/dich-vu-cdn\/","name":"D\u1ecbch v\u1ee5 CDN - VPS Gi\u00e1 R\u1ebb","isPartOf":{"@id":"https:\/\/vpsgiare.asia\/#website"},"datePublished":"2021-06-18T18:39:10+00:00","dateModified":"2021-06-19T03:58:03+00:00","description":"D\u1ecbch v\u1ee5 CDN \u0111\u01b0\u1ee3c hi\u1ec3u l\u00e0 m\u1ea1ng ph\u00e2n ph\u1ed1i n\u1ed9i dung, gi\u00fap gi\u1ea3i quy\u1ebft v\u00e0 \u0111\u00e1p \u1ee9ng c\u00e1c h\u1ec7 th\u1ed1ng \u0111\u00f2i h\u1ecfi \u0111\u00e1p \u1ee9ng l\u01b0\u1ee3ng truy c\u1eadp l\u1edbn t\u1ea1i nhi\u1ec1u khu v\u1ef1c","breadcrumb":{"@id":"https:\/\/vpsgiare.asia\/vi\/dich-vu-cdn\/#breadcrumb"},"inLanguage":"vi-VN","potentialAction":[{"@type":"ReadAction","target":["https:\/\/vpsgiare.asia\/vi\/dich-vu-cdn\/"]}]},{"@type":"BreadcrumbList","@id":"https:\/\/vpsgiare.asia\/vi\/dich-vu-cdn\/#breadcrumb","itemListElement":[{"@type":"ListItem","position":1,"name":"Home","item":"https:\/\/vpsgiare.asia\/vi\/"},{"@type":"ListItem","position":2,"name":"D\u1ecbch v\u1ee5 CDN"}]}]}},"_links":{"self":[{"href":"https:\/\/vpsgiare.asia\/vi\/wp-json\/wp\/v2\/pages\/871"}],"collection":[{"href":"https:\/\/vpsgiare.asia\/vi\/wp-json\/wp\/v2\/pages"}],"about":[{"href":"https:\/\/vpsgiare.asia\/vi\/wp-json\/wp\/v2\/types\/page"}],"author":[{"embeddable":true,"href":"https:\/\/vpsgiare.asia\/vi\/wp-json\/wp\/v2\/users\/3"}],"replies":[{"embeddable":true,"href":"https:\/\/vpsgiare.asia\/vi\/wp-json\/wp\/v2\/comments?post=871"}],"version-history":[{"count":8,"href":"https:\/\/vpsgiare.asia\/vi\/wp-json\/wp\/v2\/pages\/871\/revisions"}],"predecessor-version":[{"id":896,"href":"https:\/\/vpsgiare.asia\/vi\/wp-json\/wp\/v2\/pages\/871\/revisions\/896"}],"wp:attachment":[{"href":"https:\/\/vpsgiare.asia\/vi\/wp-json\/wp\/v2\/media?parent=871"}],"curies":[{"name":"wp","href":"https:\/\/api.w.org\/{rel}","templated":true}]}}