{"id":904,"date":"2021-06-19T04:46:44","date_gmt":"2021-06-19T04:46:44","guid":{"rendered":"https:\/\/vpsgiare.asia\/?page_id=904"},"modified":"2021-06-19T04:58:35","modified_gmt":"2021-06-19T04:58:35","slug":"chinh-sach-bao-mat","status":"publish","type":"page","link":"https:\/\/vpsgiare.asia\/vi\/chinh-sach-bao-mat\/","title":{"rendered":"Ch\u00ednh s\u00e1ch b\u1ea3o m\u1eadt"},"content":{"rendered":"\t\t<div data-elementor-type=\"wp-post\" data-elementor-id=\"904\" class=\"elementor elementor-904\" data-elementor-settings=\"[]\">\n\t\t\t\t\t\t<div class=\"elementor-inner\">\n\t\t\t\t\t\t\t<div class=\"elementor-section-wrap\">\n\t\t\t\t\t\t\t<section class=\"elementor-section elementor-top-section elementor-element elementor-element-26791859 elementor-section-height-min-height elementor-section-boxed elementor-section-height-default elementor-section-items-middle\" data-id=\"26791859\" data-element_type=\"section\" data-settings=\"{&quot;background_background&quot;:&quot;classic&quot;}\">\n\t\t\t\t\t\t<div class=\"elementor-container elementor-column-gap-default\">\n\t\t\t\t\t\t\t<div class=\"elementor-row\">\n\t\t\t\t\t<div class=\"elementor-column elementor-col-100 elementor-top-column elementor-element elementor-element-4e03fdaf\" data-id=\"4e03fdaf\" data-element_type=\"column\">\n\t\t\t<div class=\"elementor-column-wrap elementor-element-populated\">\n\t\t\t\t\t\t\t<div class=\"elementor-widget-wrap\">\n\t\t\t\t\t\t<div class=\"elementor-element elementor-element-2d5abdc6 elementor-widget elementor-widget-heading\" data-id=\"2d5abdc6\" data-element_type=\"widget\" data-widget_type=\"heading.default\">\n\t\t\t\t<div class=\"elementor-widget-container\">\n\t\t\t<h1 class=\"elementor-heading-title elementor-size-default\">Ch\u00ednh s\u00e1ch b\u1ea3o m\u1eadt<\/h1>\t\t<\/div>\n\t\t\t\t<\/div>\n\t\t\t\t<div class=\"elementor-element elementor-element-a33d194 elementor-widget elementor-widget-text-editor\" data-id=\"a33d194\" data-element_type=\"widget\" data-widget_type=\"text-editor.default\">\n\t\t\t\t<div class=\"elementor-widget-container\">\n\t\t\t\t\t\t\t\t<div class=\"elementor-text-editor elementor-clearfix\">\n\t\t\t\t<p id=\"tw-target-text\" class=\"tw-data-text tw-text-large XcVN5d tw-ta\" dir=\"ltr\" data-placeholder=\"B\u1ea3n d\u1ecbch\"><span class=\"Y2IQFc\" lang=\"vi\">T\u00e0i li\u1ec7u n\u00e0y n\u00eau r\u00f5 c\u00e1ch VPSGiaRe s\u1ebd x\u1eed l\u00fd th\u00f4ng tin b\u1ea1n cung c\u1ea5p cho ch\u00fang t\u00f4i<\/span><\/p><p id=\"tw-target-text\" class=\"tw-data-text tw-text-large XcVN5d tw-ta\" dir=\"ltr\" data-placeholder=\"B\u1ea3n d\u1ecbch\"><span class=\"Y2IQFc\" lang=\"vi\">Kh\u00e1ch h\u00e0ng \u0111\u01b0\u1ee3c y\u00eau c\u1ea7u cung c\u1ea5p c\u00e1c th\u00f4ng tin sau:<\/span><\/p><ul><li><p>H\u1ecd v\u00e0 t\u00ean<\/p><\/li><li><p>\u0110\u1ecba ch\u1ec9 \u0111\u1ea7y \u0111\u1ee7 v\u00e0 Qu\u1ed1c gia c\u01b0 tr\u00fa<\/p><\/li><li><p>S\u1ed1 \u0111i\u1ec7n tho\u1ea1i li\u00ean h\u1ec7 ch\u00ednh x\u00e1c<\/p><\/li><li><p>\u0110\u1ecba ch\u1ec9 email h\u1ee3p l\u1ec7<\/p><\/li><\/ul><p><strong>Ch\u00fang t\u00f4i s\u1ebd s\u1eed d\u1ee5ng c\u00e1c th\u00f4ng tin nh\u01b0 sau:<\/strong><\/p><ul><li><p>VPSGiaRe s\u1ebd ch\u1ec9 s\u1eed d\u1ee5ng th\u00f4ng tin c\u1ee7a b\u1ea1n cho m\u1ee5c \u0111\u00edch s\u1eed d\u1ee5ng ri\u00eang v\u00e0 th\u00f4ng tin \u0111\u00f3 s\u1ebd kh\u00f4ng \u0111\u01b0\u1ee3c chia s\u1ebb v\u1edbi c\u00e1c b\u00ean th\u1ee9 ba.<\/p><\/li><li><p>Vi\u1ec7c chia s\u1ebb th\u00f4ng tin duy nh\u1ea5t c\u00f3 th\u1ec3 c\u1ee7a b\u1ea1n s\u1ebd l\u00e0 v\u1edbi c\u00e1c c\u01a1 quan ch\u00ednh ph\u1ee7 kh\u00e1c, nh\u1eefng c\u01a1 quan n\u00e0y y\u00eau c\u1ea7u b\u1eb1ng ch\u1ee9ng cho th\u1ea5y ch\u00fang t\u00f4i \u0111ang giao d\u1ecbch h\u1ee3p ph\u00e1p. N\u1ebfu tr\u01b0\u1eddng h\u1ee3p n\u00e0y x\u1ea3y ra, t\u1ea5t c\u1ea3 c\u00e1c kh\u00e1ch h\u00e0ng li\u00ean quan s\u1ebd \u0111\u01b0\u1ee3c th\u00f4ng b\u00e1o v\u1ec1 \u0111i\u1ec1u n\u00e0y.<\/p><\/li><li><p>Ch\u00fang t\u00f4i s\u1eed d\u1ee5ng cookie tr\u00ean trang web n\u00e0y \u0111\u1ec3 theo d\u00f5i vi\u1ec7c s\u1eed d\u1ee5ng c\u1ee7a b\u1ea1n v\u00e0 thu h\u00fat b\u1ea1n v\u00e0o c\u00e1c cu\u1ed9c tr\u00f2 chuy\u1ec7n t\u1ee9c th\u00ec. Cookie kh\u00f4ng l\u01b0u tr\u1eef th\u00f4ng tin c\u00e1 nh\u00e2n.<\/p><\/li><li><p>N\u1ebfu ch\u00fang t\u00f4i, b\u1eb1ng m\u1ecdi c\u00e1ch thay \u0111\u1ed5i c\u00e1ch chia s\u1ebb th\u00f4ng tin ho\u1eb7c c\u1eadp nh\u1eadt ch\u00ednh s\u00e1ch c\u1ee7a m\u00ecnh, t\u1ea5t c\u1ea3 kh\u00e1ch h\u00e0ng s\u1ebd \u0111\u01b0\u1ee3c th\u00f4ng b\u00e1o v\u1ec1 ho\u1ea1t \u0111\u1ed9ng \u0111\u00f3, tr\u01b0\u1edbc khi n\u00f3 di\u1ec5n ra.<\/p><\/li><\/ul><p><strong>B\u1ea1n c\u00f3 quan t\u00e2m th\u00eam v\u1ec1 ch\u00ednh s\u00e1ch ri\u00eang t\u01b0<\/strong><\/p><ul><li><p id=\"tw-target-text\" class=\"tw-data-text tw-text-large XcVN5d tw-ta\" dir=\"ltr\" data-placeholder=\"B\u1ea3n d\u1ecbch\"><span class=\"Y2IQFc\" lang=\"vi\">N\u1ebfu b\u1ea1n mu\u1ed1n ch\u00fang t\u00f4i cung c\u1ea5p th\u00eam th\u00f4ng tin v\u1ec1 th\u00f4ng tin \u0111\u01b0\u1ee3c tr\u00ecnh b\u00e0y tr\u00ean trang n\u00e0y, vui l\u00f2ng g\u1eedi m\u1ed9t v\u00e9 t\u1edbi hello@vpsgiare.asia<\/span><\/p><\/li><\/ul><p><strong>V\u1ec1 vi\u1ec7c theo d\u00f5i email c\u1ee7a ch\u00fang t\u1ed1i \u0111\u1ebfn nh\u1eefng kh\u00e1ch h\u00e0ng c\u1ee7a m\u00ecnh:<\/strong><\/p><ul><li><p>Khi ch\u00fang t\u00f4i g\u1eedi email cho kh\u00e1ch h\u00e0ng VPSGiaRe \u0111\u00e3 \u0111\u0103ng k\u00fd c\u1ee7a ch\u00ednh m\u00ecnh, \u0111\u00f4i khi ch\u00fang t\u00f4i s\u1ebd theo d\u00f5i ai \u0111\u00e3 m\u1edf email v\u00e0 ai \u0111\u00e3 nh\u1ea5p v\u00e0o b\u1ea5t k\u1ef3 si\u00eau li\u00ean k\u1ebft n\u00e0o. Ch\u00fang t\u00f4i l\u00e0m \u0111i\u1ec1u n\u00e0y \u0111\u1ec3 \u0111o l\u01b0\u1eddng hi\u1ec7u su\u1ea5t c\u1ee7a c\u00e1c Chi\u1ebfn d\u1ecbch Email v\u00e0 \u0111\u1ec3 c\u1ea3i thi\u1ec7n c\u00e1c d\u1ecbch v\u1ee5 c\u1ee7a ch\u00fang t\u00f4i cho c\u00e1c ph\u00e2n kh\u00fac kh\u00e1ch h\u00e0ng c\u1ee5 th\u1ec3.<\/p><\/li><\/ul>\t\t\t\t\t<\/div>\n\t\t\t\t\t\t<\/div>\n\t\t\t\t<\/div>\n\t\t\t\t\t\t<\/div>\n\t\t\t\t\t<\/div>\n\t\t<\/div>\n\t\t\t\t\t\t\t\t<\/div>\n\t\t\t\t\t<\/div>\n\t\t<\/section>\n\t\t\t\t\t\t<\/div>\n\t\t\t\t\t\t<\/div>\n\t\t\t\t\t<\/div>\n\t\t","protected":false},"excerpt":{"rendered":"<p>Ch\u00ednh s\u00e1ch b\u1ea3o m\u1eadt T\u00e0i li\u1ec7u n\u00e0y n\u00eau r\u00f5 c\u00e1ch VPSGiaRe s\u1ebd x\u1eed l\u00fd th\u00f4ng tin b\u1ea1n cung c\u1ea5p cho ch\u00fang t\u00f4i Kh\u00e1ch h\u00e0ng \u0111\u01b0\u1ee3c y\u00eau c\u1ea7u cung c\u1ea5p c\u00e1c th\u00f4ng tin sau: H\u1ecd v\u00e0 t\u00ean \u0110\u1ecba ch\u1ec9 \u0111\u1ea7y \u0111\u1ee7 v\u00e0 Qu\u1ed1c gia c\u01b0 tr\u00fa S\u1ed1 \u0111i\u1ec7n tho\u1ea1i li\u00ean h\u1ec7 ch\u00ednh x\u00e1c \u0110\u1ecba ch\u1ec9 email [&hellip;]<\/p>\n","protected":false},"author":3,"featured_media":0,"parent":0,"menu_order":0,"comment_status":"closed","ping_status":"closed","template":"","meta":[],"yoast_head":"<!-- This site is optimized with the Yoast SEO plugin v17.9 - https:\/\/yoast.com\/wordpress\/plugins\/seo\/ -->\n<title>Ch\u00ednh s\u00e1ch b\u1ea3o m\u1eadt - VPS Gi\u00e1 R\u1ebb<\/title>\n<meta name=\"robots\" content=\"index, follow, max-snippet:-1, max-image-preview:large, max-video-preview:-1\" \/>\n<link rel=\"canonical\" href=\"https:\/\/vpsgiare.asia\/vi\/chinh-sach-bao-mat\/\" \/>\n<meta property=\"og:locale\" content=\"vi_VN\" \/>\n<meta property=\"og:type\" content=\"article\" \/>\n<meta property=\"og:title\" content=\"Ch\u00ednh s\u00e1ch b\u1ea3o m\u1eadt - VPS Gi\u00e1 R\u1ebb\" \/>\n<meta property=\"og:description\" content=\"Ch\u00ednh s\u00e1ch b\u1ea3o m\u1eadt T\u00e0i li\u1ec7u n\u00e0y n\u00eau r\u00f5 c\u00e1ch VPSGiaRe s\u1ebd x\u1eed l\u00fd th\u00f4ng tin b\u1ea1n cung c\u1ea5p cho ch\u00fang t\u00f4i Kh\u00e1ch h\u00e0ng \u0111\u01b0\u1ee3c y\u00eau c\u1ea7u cung c\u1ea5p c\u00e1c th\u00f4ng tin sau: H\u1ecd v\u00e0 t\u00ean \u0110\u1ecba ch\u1ec9 \u0111\u1ea7y \u0111\u1ee7 v\u00e0 Qu\u1ed1c gia c\u01b0 tr\u00fa S\u1ed1 \u0111i\u1ec7n tho\u1ea1i li\u00ean h\u1ec7 ch\u00ednh x\u00e1c \u0110\u1ecba ch\u1ec9 email [&hellip;]\" \/>\n<meta property=\"og:url\" content=\"https:\/\/vpsgiare.asia\/vi\/chinh-sach-bao-mat\/\" \/>\n<meta property=\"og:site_name\" content=\"VPS Gi\u00e1 R\u1ebb\" \/>\n<meta property=\"article:publisher\" content=\"https:\/\/www.facebook.com\/vpsgiare.asia\" \/>\n<meta property=\"article:modified_time\" content=\"2021-06-19T04:58:35+00:00\" \/>\n<meta property=\"og:image\" content=\"https:\/\/vpsgiare.asia\/wp-content\/uploads\/2021\/01\/VPSGIARE_FB_COVERWEB-01.png\" \/>\n\t<meta property=\"og:image:width\" content=\"1709\" \/>\n\t<meta property=\"og:image:height\" content=\"650\" \/>\n\t<meta property=\"og:image:type\" content=\"image\/png\" \/>\n<meta name=\"twitter:card\" content=\"summary_large_image\" \/>\n<meta name=\"twitter:label1\" content=\"Est. reading time\" \/>\n\t<meta name=\"twitter:data1\" content=\"2 minutes\" \/>\n<script type=\"application\/ld+json\" class=\"yoast-schema-graph\">{\"@context\":\"https:\/\/schema.org\",\"@graph\":[{\"@type\":\"Organization\",\"@id\":\"https:\/\/vpsgiare.asia\/#organization\",\"name\":\"VPS Gia Re\",\"url\":\"https:\/\/vpsgiare.asia\/\",\"sameAs\":[\"https:\/\/www.facebook.com\/vpsgiare.asia\"],\"logo\":{\"@type\":\"ImageObject\",\"@id\":\"https:\/\/vpsgiare.asia\/#logo\",\"inLanguage\":\"vi-VN\",\"url\":\"https:\/\/vpsgiare.asia\/wp-content\/uploads\/2021\/01\/logo_vpsgiare.png\",\"contentUrl\":\"https:\/\/vpsgiare.asia\/wp-content\/uploads\/2021\/01\/logo_vpsgiare.png\",\"width\":396,\"height\":128,\"caption\":\"VPS Gia Re\"},\"image\":{\"@id\":\"https:\/\/vpsgiare.asia\/#logo\"}},{\"@type\":\"WebSite\",\"@id\":\"https:\/\/vpsgiare.asia\/#website\",\"url\":\"https:\/\/vpsgiare.asia\/\",\"name\":\"VPS Gi\\u00e1 R\\u1ebb\",\"description\":\"One-stop Cloud Solution in Vietnam\",\"publisher\":{\"@id\":\"https:\/\/vpsgiare.asia\/#organization\"},\"potentialAction\":[{\"@type\":\"SearchAction\",\"target\":{\"@type\":\"EntryPoint\",\"urlTemplate\":\"https:\/\/vpsgiare.asia\/?s={search_term_string}\"},\"query-input\":\"required name=search_term_string\"}],\"inLanguage\":\"vi-VN\"},{\"@type\":\"WebPage\",\"@id\":\"https:\/\/vpsgiare.asia\/vi\/chinh-sach-bao-mat\/#webpage\",\"url\":\"https:\/\/vpsgiare.asia\/vi\/chinh-sach-bao-mat\/\",\"name\":\"Ch\\u00ednh s\\u00e1ch b\\u1ea3o m\\u1eadt - VPS Gi\\u00e1 R\\u1ebb\",\"isPartOf\":{\"@id\":\"https:\/\/vpsgiare.asia\/#website\"},\"datePublished\":\"2021-06-19T04:46:44+00:00\",\"dateModified\":\"2021-06-19T04:58:35+00:00\",\"breadcrumb\":{\"@id\":\"https:\/\/vpsgiare.asia\/vi\/chinh-sach-bao-mat\/#breadcrumb\"},\"inLanguage\":\"vi-VN\",\"potentialAction\":[{\"@type\":\"ReadAction\",\"target\":[\"https:\/\/vpsgiare.asia\/vi\/chinh-sach-bao-mat\/\"]}]},{\"@type\":\"BreadcrumbList\",\"@id\":\"https:\/\/vpsgiare.asia\/vi\/chinh-sach-bao-mat\/#breadcrumb\",\"itemListElement\":[{\"@type\":\"ListItem\",\"position\":1,\"name\":\"Home\",\"item\":\"https:\/\/vpsgiare.asia\/vi\/\"},{\"@type\":\"ListItem\",\"position\":2,\"name\":\"Ch\\u00ednh s\\u00e1ch b\\u1ea3o m\\u1eadt\"}]}]}<\/script>\n<!-- \/ Yoast SEO plugin. -->","yoast_head_json":{"title":"Ch\u00ednh s\u00e1ch b\u1ea3o m\u1eadt - VPS Gi\u00e1 R\u1ebb","robots":{"index":"index","follow":"follow","max-snippet":"max-snippet:-1","max-image-preview":"max-image-preview:large","max-video-preview":"max-video-preview:-1"},"canonical":"https:\/\/vpsgiare.asia\/vi\/chinh-sach-bao-mat\/","og_locale":"vi_VN","og_type":"article","og_title":"Ch\u00ednh s\u00e1ch b\u1ea3o m\u1eadt - VPS Gi\u00e1 R\u1ebb","og_description":"Ch\u00ednh s\u00e1ch b\u1ea3o m\u1eadt T\u00e0i li\u1ec7u n\u00e0y n\u00eau r\u00f5 c\u00e1ch VPSGiaRe s\u1ebd x\u1eed l\u00fd th\u00f4ng tin b\u1ea1n cung c\u1ea5p cho ch\u00fang t\u00f4i Kh\u00e1ch h\u00e0ng \u0111\u01b0\u1ee3c y\u00eau c\u1ea7u cung c\u1ea5p c\u00e1c th\u00f4ng tin sau: H\u1ecd v\u00e0 t\u00ean \u0110\u1ecba ch\u1ec9 \u0111\u1ea7y \u0111\u1ee7 v\u00e0 Qu\u1ed1c gia c\u01b0 tr\u00fa S\u1ed1 \u0111i\u1ec7n tho\u1ea1i li\u00ean h\u1ec7 ch\u00ednh x\u00e1c \u0110\u1ecba ch\u1ec9 email [&hellip;]","og_url":"https:\/\/vpsgiare.asia\/vi\/chinh-sach-bao-mat\/","og_site_name":"VPS Gi\u00e1 R\u1ebb","article_publisher":"https:\/\/www.facebook.com\/vpsgiare.asia","article_modified_time":"2021-06-19T04:58:35+00:00","og_image":[{"width":1709,"height":650,"url":"https:\/\/vpsgiare.asia\/wp-content\/uploads\/2021\/01\/VPSGIARE_FB_COVERWEB-01.png","type":"image\/png"}],"twitter_card":"summary_large_image","twitter_misc":{"Est. reading time":"2 minutes"},"schema":{"@context":"https:\/\/schema.org","@graph":[{"@type":"Organization","@id":"https:\/\/vpsgiare.asia\/#organization","name":"VPS Gia Re","url":"https:\/\/vpsgiare.asia\/","sameAs":["https:\/\/www.facebook.com\/vpsgiare.asia"],"logo":{"@type":"ImageObject","@id":"https:\/\/vpsgiare.asia\/#logo","inLanguage":"vi-VN","url":"https:\/\/vpsgiare.asia\/wp-content\/uploads\/2021\/01\/logo_vpsgiare.png","contentUrl":"https:\/\/vpsgiare.asia\/wp-content\/uploads\/2021\/01\/logo_vpsgiare.png","width":396,"height":128,"caption":"VPS Gia Re"},"image":{"@id":"https:\/\/vpsgiare.asia\/#logo"}},{"@type":"WebSite","@id":"https:\/\/vpsgiare.asia\/#website","url":"https:\/\/vpsgiare.asia\/","name":"VPS Gi\u00e1 R\u1ebb","description":"One-stop Cloud Solution in Vietnam","publisher":{"@id":"https:\/\/vpsgiare.asia\/#organization"},"potentialAction":[{"@type":"SearchAction","target":{"@type":"EntryPoint","urlTemplate":"https:\/\/vpsgiare.asia\/?s={search_term_string}"},"query-input":"required name=search_term_string"}],"inLanguage":"vi-VN"},{"@type":"WebPage","@id":"https:\/\/vpsgiare.asia\/vi\/chinh-sach-bao-mat\/#webpage","url":"https:\/\/vpsgiare.asia\/vi\/chinh-sach-bao-mat\/","name":"Ch\u00ednh s\u00e1ch b\u1ea3o m\u1eadt - VPS Gi\u00e1 R\u1ebb","isPartOf":{"@id":"https:\/\/vpsgiare.asia\/#website"},"datePublished":"2021-06-19T04:46:44+00:00","dateModified":"2021-06-19T04:58:35+00:00","breadcrumb":{"@id":"https:\/\/vpsgiare.asia\/vi\/chinh-sach-bao-mat\/#breadcrumb"},"inLanguage":"vi-VN","potentialAction":[{"@type":"ReadAction","target":["https:\/\/vpsgiare.asia\/vi\/chinh-sach-bao-mat\/"]}]},{"@type":"BreadcrumbList","@id":"https:\/\/vpsgiare.asia\/vi\/chinh-sach-bao-mat\/#breadcrumb","itemListElement":[{"@type":"ListItem","position":1,"name":"Home","item":"https:\/\/vpsgiare.asia\/vi\/"},{"@type":"ListItem","position":2,"name":"Ch\u00ednh s\u00e1ch b\u1ea3o m\u1eadt"}]}]}},"_links":{"self":[{"href":"https:\/\/vpsgiare.asia\/vi\/wp-json\/wp\/v2\/pages\/904"}],"collection":[{"href":"https:\/\/vpsgiare.asia\/vi\/wp-json\/wp\/v2\/pages"}],"about":[{"href":"https:\/\/vpsgiare.asia\/vi\/wp-json\/wp\/v2\/types\/page"}],"author":[{"embeddable":true,"href":"https:\/\/vpsgiare.asia\/vi\/wp-json\/wp\/v2\/users\/3"}],"replies":[{"embeddable":true,"href":"https:\/\/vpsgiare.asia\/vi\/wp-json\/wp\/v2\/comments?post=904"}],"version-history":[{"count":4,"href":"https:\/\/vpsgiare.asia\/vi\/wp-json\/wp\/v2\/pages\/904\/revisions"}],"predecessor-version":[{"id":909,"href":"https:\/\/vpsgiare.asia\/vi\/wp-json\/wp\/v2\/pages\/904\/revisions\/909"}],"wp:attachment":[{"href":"https:\/\/vpsgiare.asia\/vi\/wp-json\/wp\/v2\/media?parent=904"}],"curies":[{"name":"wp","href":"https:\/\/api.w.org\/{rel}","templated":true}]}}