{"id":910,"date":"2021-06-19T05:01:14","date_gmt":"2021-06-19T05:01:14","guid":{"rendered":"https:\/\/vpsgiare.asia\/?page_id=910"},"modified":"2021-06-19T05:20:18","modified_gmt":"2021-06-19T05:20:18","slug":"cam-ket-chat-luong-dich-vu","status":"publish","type":"page","link":"https:\/\/vpsgiare.asia\/vi\/cam-ket-chat-luong-dich-vu\/","title":{"rendered":"Cam k\u1ebft ch\u1ea5t l\u01b0\u1ee3ng d\u1ecbch v\u1ee5"},"content":{"rendered":"\t\t<div data-elementor-type=\"wp-post\" data-elementor-id=\"910\" class=\"elementor elementor-910\" data-elementor-settings=\"[]\">\n\t\t\t\t\t\t<div class=\"elementor-inner\">\n\t\t\t\t\t\t\t<div class=\"elementor-section-wrap\">\n\t\t\t\t\t\t\t<section class=\"elementor-section elementor-top-section elementor-element elementor-element-474ce7dc elementor-section-height-min-height elementor-section-boxed elementor-section-height-default elementor-section-items-middle\" data-id=\"474ce7dc\" data-element_type=\"section\" data-settings=\"{&quot;background_background&quot;:&quot;classic&quot;}\">\n\t\t\t\t\t\t<div class=\"elementor-container elementor-column-gap-default\">\n\t\t\t\t\t\t\t<div class=\"elementor-row\">\n\t\t\t\t\t<div class=\"elementor-column elementor-col-100 elementor-top-column elementor-element elementor-element-2bc66448\" data-id=\"2bc66448\" data-element_type=\"column\">\n\t\t\t<div class=\"elementor-column-wrap elementor-element-populated\">\n\t\t\t\t\t\t\t<div class=\"elementor-widget-wrap\">\n\t\t\t\t\t\t<div class=\"elementor-element elementor-element-4583663e elementor-widget elementor-widget-heading\" data-id=\"4583663e\" data-element_type=\"widget\" data-widget_type=\"heading.default\">\n\t\t\t\t<div class=\"elementor-widget-container\">\n\t\t\t<h1 class=\"elementor-heading-title elementor-size-default\">Cam k\u1ebft ch\u1ea5t l\u01b0\u1ee3ng d\u1ecbch v\u1ee5<\/h1>\t\t<\/div>\n\t\t\t\t<\/div>\n\t\t\t\t\t\t<\/div>\n\t\t\t\t\t<\/div>\n\t\t<\/div>\n\t\t\t\t\t\t\t\t<\/div>\n\t\t\t\t\t<\/div>\n\t\t<\/section>\n\t\t\t\t<section class=\"elementor-section elementor-top-section elementor-element elementor-element-e6c310f elementor-section-boxed elementor-section-height-default elementor-section-height-default\" data-id=\"e6c310f\" data-element_type=\"section\">\n\t\t\t\t\t\t<div class=\"elementor-container elementor-column-gap-default\">\n\t\t\t\t\t\t\t<div class=\"elementor-row\">\n\t\t\t\t\t<div class=\"elementor-column elementor-col-100 elementor-top-column elementor-element elementor-element-33879bd\" data-id=\"33879bd\" data-element_type=\"column\">\n\t\t\t<div class=\"elementor-column-wrap elementor-element-populated\">\n\t\t\t\t\t\t\t<div class=\"elementor-widget-wrap\">\n\t\t\t\t\t\t<div class=\"elementor-element elementor-element-1df0886 elementor-widget elementor-widget-text-editor\" data-id=\"1df0886\" data-element_type=\"widget\" data-widget_type=\"text-editor.default\">\n\t\t\t\t<div class=\"elementor-widget-container\">\n\t\t\t\t\t\t\t\t<div class=\"elementor-text-editor elementor-clearfix\">\n\t\t\t\t<div class=\"headings text-left \"><h3>Cam k\u1ebft v\u1ec1 th\u1eddi gian ho\u1ea1t \u0111\u1ed9ng c\u1ee7a Internet v\u00e0 ngu\u1ed3n \u0111i\u1ec7n<\/h3><div class=\"\">VPSGiaRe \u0111\u1ea3m b\u1ea3o th\u1eddi gian ho\u1ea1t \u0111\u1ed9ng c\u1ee7a C\u01a1 s\u1edf h\u1ea1 t\u1ea7ng m\u1ea1ng v\u00e0 ngu\u1ed3n l\u00e0 99,9% m\u1ed7i th\u00e1ng. \u0110\u1ea3m b\u1ea3o n\u00e0y \u0111\u1ea3m b\u1ea3o r\u1eb1ng t\u1ea5t c\u1ea3 c\u00e1c thi\u1ebft b\u1ecb \u0111\u1ecbnh tuy\u1ebfn ch\u00ednh trong m\u1ea1ng c\u1ee7a ch\u00fang t\u00f4i \u0111\u1ec1u c\u00f3 th\u1ec3 truy c\u1eadp \u0111\u01b0\u1ee3c t\u1eeb Internet to\u00e0n c\u1ea7u 99,9% th\u1eddi gian. Th\u1eddi gian ho\u1ea1t \u0111\u1ed9ng \u0111\u01b0\u1ee3c chia nh\u1ecf th\u00e0nh t\u1eebng th\u00e1ng. 99,9% th\u1eddi gian ho\u1ea1t \u0111\u1ed9ng m\u1ed7i th\u00e1ng t\u01b0\u01a1ng \u0111\u01b0\u01a1ng v\u1edbi t\u1ed1i \u0111a 43 ph\u00fat th\u1eddi gian ng\u1eebng ho\u1ea1t \u0111\u1ed9ng ngo\u00e0i k\u1ebf ho\u1ea1ch m\u1ed7i th\u00e1ng. (http:\/\/en.wikipedia.org\/wiki\/Uptime). N\u1ebfu trong b\u1ea5t k\u1ef3 th\u00e1ng nh\u1ea5t \u0111\u1ecbnh n\u00e0o m\u00e0 ch\u00fang t\u00f4i kh\u00f4ng \u0111\u00e1p \u1ee9ng \u0111\u01b0\u1ee3c \u0111\u1ea3m b\u1ea3o n\u00e0y, kh\u00e1ch h\u00e0ng c\u1ee7a VPSGiaRe \u0111\u1ee7 \u0111i\u1ec1u ki\u1ec7n nh\u1eadn \u0111\u1ec1n b\u00f9 tr\u00ean t\u00e0i kho\u1ea3n l\u01b0u tr\u1eef hi\u1ec7n t\u1ea1i c\u1ee7a h\u1ecd.<br \/><br \/><\/div><h3 class=\"headings text-left \">\u0110i\u1ec1u ki\u1ec7n nh\u1eadn b\u1ed3i th\u01b0\u1eddng<\/h3><div class=\"\">B\u1ea1n ph\u1ea3i \u0111\u00e1p \u1ee9ng c\u00e1c y\u00eau c\u1ea7u d\u01b0\u1edbi \u0111\u00e2y \u0111\u1ec3 \u0111\u1ee7 \u0111i\u1ec1u ki\u1ec7n nh\u1eadn b\u1ed3i th\u01b0\u1eddng:<\/div><ul><li>T\u00e0i kho\u1ea3n c\u1ee7a b\u1ea1n ph\u1ea3i c\u00f2n \u0111ang ho\u1ea1t \u0111\u1ed9ng<\/li><li>B\u1ea1n ph\u1ea3i g\u1eedi y\u00eau c\u1ea7u th\u00f4ng qua b\u1ed9 ph\u1eadn tr\u1ee3 gi\u00fap c\u1ee7a ch\u00fang t\u00f4i cho b\u1ed9 ph\u1eadn b\u00e1n h\u00e0ng \/ k\u1ebf to\u00e1n<\/li><li>T\u1ea5t c\u1ea3 c\u00e1c y\u00eau c\u1ea7u ph\u1ea3i \u0111\u01b0\u1ee3c g\u1eedi trong v\u00f2ng 5 ng\u00e0y k\u1ec3 t\u1eeb th\u1eddi gian d\u1ecbch v\u1ee5 b\u1ecb gi\u00e1n \u0111o\u00e1n<\/li><li>T\u1ea5t c\u1ea3 y\u00eau c\u1ea7u ph\u1ea3i \u0111\u00ednh k\u00e8m m\u00e3 ticket \u0111\u00e3 l\u00e0m vi\u1ec7c tr\u01b0\u1edbc \u0111\u00f3.<\/li><\/ul><div class=\"empty_space \">\u00a0<\/div><h3 class=\"headings text-left \">B\u1ea3ng cam k\u1ebft t\u1ec9 l\u1ec7 uptime v\u00e0 b\u1ed3i th\u01b0\u1eddng<\/h3><div class=\"\">Vi\u1ec7c b\u1ed3i th\u01b0\u1eddng s\u1ebd d\u1ef1a tr\u00ean t\u1ec9 l\u1ec7 nh\u01b0 sau ph\u1ee5 thu\u1ed9c v\u00e0o chi ph\u00ed gia h\u1ea1n h\u00e0ng th\u00e1ng c\u1ee7a b\u1ea1n<\/div><table class=\"table\"><thead><tr><th>#<\/th><th>T\u1ec8 L\u1ec6 UPTIME\u00a0<\/th><th>B\u1ed2I TH\u01af\u1edcNG<\/th><\/tr><\/thead><tbody><tr><td>1<\/td><td>99.9%<\/td><td>Guaranteed<\/td><\/tr><tr><td>2<\/td><td>99.8%<\/td><td>10%<\/td><\/tr><tr><td>3<\/td><td>99.7%<\/td><td>20%<\/td><\/tr><tr><td>4<\/td><td>99.6%<\/td><td>30%<\/td><\/tr><tr><td>5<\/td><td>99.5%<\/td><td>40%<\/td><\/tr><tr><td>6<\/td><td>99.4%<\/td><td>50%<\/td><\/tr><tr><td>7<\/td><td>99.3%<\/td><td>60%<\/td><\/tr><tr><td>8<\/td><td>99.2%<\/td><td>70%<\/td><\/tr><tr><td>9<\/td><td>99.1%<\/td><td>80%<\/td><\/tr><tr><td>10<\/td><td>99.0%<\/td><td>90%<\/td><\/tr><tr><td>11<\/td><td>Nh\u1ecf h\u01a1n 99.0%<\/td><td>100%<\/td><\/tr><\/tbody><\/table><div class=\"empty_space \">\u00a0<\/div><div class=\"headings text-left \">Nh\u1eefng tr\u01b0\u1eddng h\u1ee3p kh\u00f4ng n\u1eb1m trong ch\u00ednh s\u00e1ch b\u1ed3i th\u01b0\u1eddng<\/div><div class=\"\">Nhi\u1ec1u t\u00ecnh hu\u1ed1ng c\u00f3 th\u1ec3 x\u1ea3y ra ho\u00e0n to\u00e0n n\u1eb1m ngo\u00e0i t\u1ea7m ki\u1ec3m so\u00e1t c\u1ee7a VPSGiaRe, v\u00e0 do \u0111\u00f3 kh\u00f4ng n\u1eb1m trong ph\u1ea1m vi c\u1ee7a SLA n\u00e0y. Nh\u1eefng t\u00ecnh hu\u1ed1ng n\u00e0y bao g\u1ed3m<\/div><ul><li class=\"pv-no pv-xs\">\u00a0D\u1ecbch v\u1ee5 tr\u00ean Cloud Server c\u1ee7a qu\u00fd kh\u00e1ch b\u1ecb l\u1ed7i nh\u01b0: apache, database, SQL\u2026<\/li><li class=\"empty_space \">Vi\u1ec7c b\u1ea3o tr\u00ec \u0111\u00e3 c\u00f3 th\u00f4ng b\u00e1o ch\u00ednh th\u1ee9c qua email v\u00e0 tr\u00ean website<\/li><li class=\"pv-no pv-xs\">\u00a0Kh\u00e1ch h\u00e0ng s\u1eed d\u1ee5ng d\u1ecbch v\u1ee5 v\u00e0 g\u00e2y gi\u00e1n \u0111o\u1ea1n d\u1ecbch v\u1ee5 c\u1ee7a m\u00ecnh.<\/li><li class=\"pv-no pv-xs\">\u00a0D\u1ecbch v\u1ee5 b\u1ecb gi\u00e1n \u0111o\u1ea1n do ch\u01b0a thanh to\u00e1n c\u01b0\u1edbc ph\u00ed ho\u1eb7c vi ph\u1ea1m c\u00e1c quy \u0111\u1ecbnh s\u1eed d\u1ee5ng d\u1ecbch v\u1ee5.<\/li><li class=\"empty_space \">D\u1ecbch v\u1ee5 b\u1ecb gi\u00e1n \u0111o\u1ea1n do s\u1ef1 c\u1ed1 \u0111\u01b0\u1eddng truy\u1ec1n k\u1ebft n\u1ed1i t\u1eeb ph\u00eda kh\u00e1ch h\u00e0ng. connection problems<\/li><li class=\"empty_space \">S\u1ef1 c\u1ed1 thi\u00ean tai b\u1ea5t kh\u1ea3 kh\u00e1ng<\/li><\/ul><div class=\"\">\u00a0<\/div><\/div>\t\t\t\t\t<\/div>\n\t\t\t\t\t\t<\/div>\n\t\t\t\t<\/div>\n\t\t\t\t\t\t<\/div>\n\t\t\t\t\t<\/div>\n\t\t<\/div>\n\t\t\t\t\t\t\t\t<\/div>\n\t\t\t\t\t<\/div>\n\t\t<\/section>\n\t\t\t\t<section class=\"elementor-section elementor-top-section elementor-element elementor-element-9845a7a elementor-section-boxed elementor-section-height-default elementor-section-height-default\" data-id=\"9845a7a\" data-element_type=\"section\" data-settings=\"{&quot;background_background&quot;:&quot;classic&quot;}\">\n\t\t\t\t\t\t<div class=\"elementor-container elementor-column-gap-default\">\n\t\t\t\t\t\t\t<div class=\"elementor-row\">\n\t\t\t\t\t<div class=\"elementor-column elementor-col-100 elementor-top-column elementor-element elementor-element-276f8ca\" data-id=\"276f8ca\" data-element_type=\"column\">\n\t\t\t<div class=\"elementor-column-wrap elementor-element-populated\">\n\t\t\t\t\t\t\t<div class=\"elementor-widget-wrap\">\n\t\t\t\t\t\t<div class=\"elementor-element elementor-element-0577397 elementor-cta--skin-classic elementor-animated-content elementor-bg-transform elementor-bg-transform-zoom-in elementor-widget elementor-widget-call-to-action\" data-id=\"0577397\" data-element_type=\"widget\" data-widget_type=\"call-to-action.default\">\n\t\t\t\t<div class=\"elementor-widget-container\">\n\t\t\t\t\t<div class=\"elementor-cta\">\n\t\t\t\t\t\t\t<div class=\"elementor-cta__content\">\n\t\t\t\t\n\t\t\t\t<h2 class=\"elementor-cta__title elementor-cta__content-item elementor-content-item\">Th\u00f4ng b\u00e1o s\u1ef1 c\u1ed1<\/h2>\n\t\t\t\t\t\t\t\t\t<div class=\"elementor-cta__description elementor-cta__content-item elementor-content-item\">\n\t\t\t\t\t\tG\u1eedi phi\u1ebfu h\u1ed7 tr\u1ee3 t\u1eeb t\u00e0i kho\u1ea3n kh\u00e1ch h\u00e0ng c\u1ee7a b\u1ea1n b\u1eb1ng c\u00e1ch nh\u1ea5p v\u00e0o li\u00ean k\u1ebft n\u00e0y\t\t\t\t\t<\/div>\n\t\t\t\t\n\t\t\t\t\t\t\t\t\t<div class=\"elementor-cta__button-wrapper elementor-cta__content-item elementor-content-item \">\n\t\t\t\t\t<a class=\"elementor-cta__button elementor-button elementor-size-sm\" href=\"https:\/\/order.vpsgiare.asia\/supporttickets.php\">\n\t\t\t\t\t\tT\u1ea1i \u0111\u00e2y\t\t\t\t\t<\/a>\n\t\t\t\t\t<\/div>\n\t\t\t\t\t\t\t<\/div>\n\t\t\t\t\t\t<\/div>\n\t\t\t\t<\/div>\n\t\t\t\t<\/div>\n\t\t\t\t\t\t<\/div>\n\t\t\t\t\t<\/div>\n\t\t<\/div>\n\t\t\t\t\t\t\t\t<\/div>\n\t\t\t\t\t<\/div>\n\t\t<\/section>\n\t\t\t\t\t\t<\/div>\n\t\t\t\t\t\t<\/div>\n\t\t\t\t\t<\/div>\n\t\t","protected":false},"excerpt":{"rendered":"<p>Cam k\u1ebft ch\u1ea5t l\u01b0\u1ee3ng d\u1ecbch v\u1ee5 Cam k\u1ebft v\u1ec1 th\u1eddi gian ho\u1ea1t \u0111\u1ed9ng c\u1ee7a Internet v\u00e0 ngu\u1ed3n \u0111i\u1ec7n VPSGiaRe \u0111\u1ea3m b\u1ea3o th\u1eddi gian ho\u1ea1t \u0111\u1ed9ng c\u1ee7a C\u01a1 s\u1edf h\u1ea1 t\u1ea7ng m\u1ea1ng v\u00e0 ngu\u1ed3n l\u00e0 99,9% m\u1ed7i th\u00e1ng. \u0110\u1ea3m b\u1ea3o n\u00e0y \u0111\u1ea3m b\u1ea3o r\u1eb1ng t\u1ea5t c\u1ea3 c\u00e1c thi\u1ebft b\u1ecb \u0111\u1ecbnh tuy\u1ebfn ch\u00ednh trong m\u1ea1ng c\u1ee7a ch\u00fang [&hellip;]<\/p>\n","protected":false},"author":3,"featured_media":0,"parent":0,"menu_order":0,"comment_status":"closed","ping_status":"closed","template":"","meta":[],"yoast_head":"<!-- This site is optimized with the Yoast SEO plugin v17.9 - https:\/\/yoast.com\/wordpress\/plugins\/seo\/ -->\n<title>Cam k\u1ebft ch\u1ea5t l\u01b0\u1ee3ng d\u1ecbch v\u1ee5 - VPS Gi\u00e1 R\u1ebb<\/title>\n<meta name=\"robots\" content=\"index, follow, max-snippet:-1, max-image-preview:large, max-video-preview:-1\" \/>\n<link rel=\"canonical\" href=\"https:\/\/vpsgiare.asia\/vi\/cam-ket-chat-luong-dich-vu\/\" \/>\n<meta property=\"og:locale\" content=\"vi_VN\" \/>\n<meta property=\"og:type\" content=\"article\" \/>\n<meta property=\"og:title\" content=\"Cam k\u1ebft ch\u1ea5t l\u01b0\u1ee3ng d\u1ecbch v\u1ee5 - VPS Gi\u00e1 R\u1ebb\" \/>\n<meta property=\"og:description\" content=\"Cam k\u1ebft ch\u1ea5t l\u01b0\u1ee3ng d\u1ecbch v\u1ee5 Cam k\u1ebft v\u1ec1 th\u1eddi gian ho\u1ea1t \u0111\u1ed9ng c\u1ee7a Internet v\u00e0 ngu\u1ed3n \u0111i\u1ec7n VPSGiaRe \u0111\u1ea3m b\u1ea3o th\u1eddi gian ho\u1ea1t \u0111\u1ed9ng c\u1ee7a C\u01a1 s\u1edf h\u1ea1 t\u1ea7ng m\u1ea1ng v\u00e0 ngu\u1ed3n l\u00e0 99,9% m\u1ed7i th\u00e1ng. \u0110\u1ea3m b\u1ea3o n\u00e0y \u0111\u1ea3m b\u1ea3o r\u1eb1ng t\u1ea5t c\u1ea3 c\u00e1c thi\u1ebft b\u1ecb \u0111\u1ecbnh tuy\u1ebfn ch\u00ednh trong m\u1ea1ng c\u1ee7a ch\u00fang [&hellip;]\" \/>\n<meta property=\"og:url\" content=\"https:\/\/vpsgiare.asia\/vi\/cam-ket-chat-luong-dich-vu\/\" \/>\n<meta property=\"og:site_name\" content=\"VPS Gi\u00e1 R\u1ebb\" \/>\n<meta property=\"article:publisher\" content=\"https:\/\/www.facebook.com\/vpsgiare.asia\" \/>\n<meta property=\"article:modified_time\" content=\"2021-06-19T05:20:18+00:00\" \/>\n<meta property=\"og:image\" content=\"https:\/\/vpsgiare.asia\/wp-content\/uploads\/2021\/01\/VPSGIARE_FB_COVERWEB-01.png\" \/>\n\t<meta property=\"og:image:width\" content=\"1709\" \/>\n\t<meta property=\"og:image:height\" content=\"650\" \/>\n\t<meta property=\"og:image:type\" content=\"image\/png\" \/>\n<meta name=\"twitter:card\" content=\"summary_large_image\" \/>\n<meta name=\"twitter:label1\" content=\"Est. reading time\" \/>\n\t<meta name=\"twitter:data1\" content=\"3 minutes\" \/>\n<script type=\"application\/ld+json\" class=\"yoast-schema-graph\">{\"@context\":\"https:\/\/schema.org\",\"@graph\":[{\"@type\":\"Organization\",\"@id\":\"https:\/\/vpsgiare.asia\/#organization\",\"name\":\"VPS Gia Re\",\"url\":\"https:\/\/vpsgiare.asia\/\",\"sameAs\":[\"https:\/\/www.facebook.com\/vpsgiare.asia\"],\"logo\":{\"@type\":\"ImageObject\",\"@id\":\"https:\/\/vpsgiare.asia\/#logo\",\"inLanguage\":\"vi-VN\",\"url\":\"https:\/\/vpsgiare.asia\/wp-content\/uploads\/2021\/01\/logo_vpsgiare.png\",\"contentUrl\":\"https:\/\/vpsgiare.asia\/wp-content\/uploads\/2021\/01\/logo_vpsgiare.png\",\"width\":396,\"height\":128,\"caption\":\"VPS Gia Re\"},\"image\":{\"@id\":\"https:\/\/vpsgiare.asia\/#logo\"}},{\"@type\":\"WebSite\",\"@id\":\"https:\/\/vpsgiare.asia\/#website\",\"url\":\"https:\/\/vpsgiare.asia\/\",\"name\":\"VPS Gi\\u00e1 R\\u1ebb\",\"description\":\"One-stop Cloud Solution in Vietnam\",\"publisher\":{\"@id\":\"https:\/\/vpsgiare.asia\/#organization\"},\"potentialAction\":[{\"@type\":\"SearchAction\",\"target\":{\"@type\":\"EntryPoint\",\"urlTemplate\":\"https:\/\/vpsgiare.asia\/?s={search_term_string}\"},\"query-input\":\"required name=search_term_string\"}],\"inLanguage\":\"vi-VN\"},{\"@type\":\"WebPage\",\"@id\":\"https:\/\/vpsgiare.asia\/vi\/cam-ket-chat-luong-dich-vu\/#webpage\",\"url\":\"https:\/\/vpsgiare.asia\/vi\/cam-ket-chat-luong-dich-vu\/\",\"name\":\"Cam k\\u1ebft ch\\u1ea5t l\\u01b0\\u1ee3ng d\\u1ecbch v\\u1ee5 - VPS Gi\\u00e1 R\\u1ebb\",\"isPartOf\":{\"@id\":\"https:\/\/vpsgiare.asia\/#website\"},\"datePublished\":\"2021-06-19T05:01:14+00:00\",\"dateModified\":\"2021-06-19T05:20:18+00:00\",\"breadcrumb\":{\"@id\":\"https:\/\/vpsgiare.asia\/vi\/cam-ket-chat-luong-dich-vu\/#breadcrumb\"},\"inLanguage\":\"vi-VN\",\"potentialAction\":[{\"@type\":\"ReadAction\",\"target\":[\"https:\/\/vpsgiare.asia\/vi\/cam-ket-chat-luong-dich-vu\/\"]}]},{\"@type\":\"BreadcrumbList\",\"@id\":\"https:\/\/vpsgiare.asia\/vi\/cam-ket-chat-luong-dich-vu\/#breadcrumb\",\"itemListElement\":[{\"@type\":\"ListItem\",\"position\":1,\"name\":\"Home\",\"item\":\"https:\/\/vpsgiare.asia\/vi\/\"},{\"@type\":\"ListItem\",\"position\":2,\"name\":\"Cam k\\u1ebft ch\\u1ea5t l\\u01b0\\u1ee3ng d\\u1ecbch v\\u1ee5\"}]}]}<\/script>\n<!-- \/ Yoast SEO plugin. -->","yoast_head_json":{"title":"Cam k\u1ebft ch\u1ea5t l\u01b0\u1ee3ng d\u1ecbch v\u1ee5 - VPS Gi\u00e1 R\u1ebb","robots":{"index":"index","follow":"follow","max-snippet":"max-snippet:-1","max-image-preview":"max-image-preview:large","max-video-preview":"max-video-preview:-1"},"canonical":"https:\/\/vpsgiare.asia\/vi\/cam-ket-chat-luong-dich-vu\/","og_locale":"vi_VN","og_type":"article","og_title":"Cam k\u1ebft ch\u1ea5t l\u01b0\u1ee3ng d\u1ecbch v\u1ee5 - VPS Gi\u00e1 R\u1ebb","og_description":"Cam k\u1ebft ch\u1ea5t l\u01b0\u1ee3ng d\u1ecbch v\u1ee5 Cam k\u1ebft v\u1ec1 th\u1eddi gian ho\u1ea1t \u0111\u1ed9ng c\u1ee7a Internet v\u00e0 ngu\u1ed3n \u0111i\u1ec7n VPSGiaRe \u0111\u1ea3m b\u1ea3o th\u1eddi gian ho\u1ea1t \u0111\u1ed9ng c\u1ee7a C\u01a1 s\u1edf h\u1ea1 t\u1ea7ng m\u1ea1ng v\u00e0 ngu\u1ed3n l\u00e0 99,9% m\u1ed7i th\u00e1ng. \u0110\u1ea3m b\u1ea3o n\u00e0y \u0111\u1ea3m b\u1ea3o r\u1eb1ng t\u1ea5t c\u1ea3 c\u00e1c thi\u1ebft b\u1ecb \u0111\u1ecbnh tuy\u1ebfn ch\u00ednh trong m\u1ea1ng c\u1ee7a ch\u00fang [&hellip;]","og_url":"https:\/\/vpsgiare.asia\/vi\/cam-ket-chat-luong-dich-vu\/","og_site_name":"VPS Gi\u00e1 R\u1ebb","article_publisher":"https:\/\/www.facebook.com\/vpsgiare.asia","article_modified_time":"2021-06-19T05:20:18+00:00","og_image":[{"width":1709,"height":650,"url":"https:\/\/vpsgiare.asia\/wp-content\/uploads\/2021\/01\/VPSGIARE_FB_COVERWEB-01.png","type":"image\/png"}],"twitter_card":"summary_large_image","twitter_misc":{"Est. reading time":"3 minutes"},"schema":{"@context":"https:\/\/schema.org","@graph":[{"@type":"Organization","@id":"https:\/\/vpsgiare.asia\/#organization","name":"VPS Gia Re","url":"https:\/\/vpsgiare.asia\/","sameAs":["https:\/\/www.facebook.com\/vpsgiare.asia"],"logo":{"@type":"ImageObject","@id":"https:\/\/vpsgiare.asia\/#logo","inLanguage":"vi-VN","url":"https:\/\/vpsgiare.asia\/wp-content\/uploads\/2021\/01\/logo_vpsgiare.png","contentUrl":"https:\/\/vpsgiare.asia\/wp-content\/uploads\/2021\/01\/logo_vpsgiare.png","width":396,"height":128,"caption":"VPS Gia Re"},"image":{"@id":"https:\/\/vpsgiare.asia\/#logo"}},{"@type":"WebSite","@id":"https:\/\/vpsgiare.asia\/#website","url":"https:\/\/vpsgiare.asia\/","name":"VPS Gi\u00e1 R\u1ebb","description":"One-stop Cloud Solution in Vietnam","publisher":{"@id":"https:\/\/vpsgiare.asia\/#organization"},"potentialAction":[{"@type":"SearchAction","target":{"@type":"EntryPoint","urlTemplate":"https:\/\/vpsgiare.asia\/?s={search_term_string}"},"query-input":"required name=search_term_string"}],"inLanguage":"vi-VN"},{"@type":"WebPage","@id":"https:\/\/vpsgiare.asia\/vi\/cam-ket-chat-luong-dich-vu\/#webpage","url":"https:\/\/vpsgiare.asia\/vi\/cam-ket-chat-luong-dich-vu\/","name":"Cam k\u1ebft ch\u1ea5t l\u01b0\u1ee3ng d\u1ecbch v\u1ee5 - VPS Gi\u00e1 R\u1ebb","isPartOf":{"@id":"https:\/\/vpsgiare.asia\/#website"},"datePublished":"2021-06-19T05:01:14+00:00","dateModified":"2021-06-19T05:20:18+00:00","breadcrumb":{"@id":"https:\/\/vpsgiare.asia\/vi\/cam-ket-chat-luong-dich-vu\/#breadcrumb"},"inLanguage":"vi-VN","potentialAction":[{"@type":"ReadAction","target":["https:\/\/vpsgiare.asia\/vi\/cam-ket-chat-luong-dich-vu\/"]}]},{"@type":"BreadcrumbList","@id":"https:\/\/vpsgiare.asia\/vi\/cam-ket-chat-luong-dich-vu\/#breadcrumb","itemListElement":[{"@type":"ListItem","position":1,"name":"Home","item":"https:\/\/vpsgiare.asia\/vi\/"},{"@type":"ListItem","position":2,"name":"Cam k\u1ebft ch\u1ea5t l\u01b0\u1ee3ng d\u1ecbch v\u1ee5"}]}]}},"_links":{"self":[{"href":"https:\/\/vpsgiare.asia\/vi\/wp-json\/wp\/v2\/pages\/910"}],"collection":[{"href":"https:\/\/vpsgiare.asia\/vi\/wp-json\/wp\/v2\/pages"}],"about":[{"href":"https:\/\/vpsgiare.asia\/vi\/wp-json\/wp\/v2\/types\/page"}],"author":[{"embeddable":true,"href":"https:\/\/vpsgiare.asia\/vi\/wp-json\/wp\/v2\/users\/3"}],"replies":[{"embeddable":true,"href":"https:\/\/vpsgiare.asia\/vi\/wp-json\/wp\/v2\/comments?post=910"}],"version-history":[{"count":4,"href":"https:\/\/vpsgiare.asia\/vi\/wp-json\/wp\/v2\/pages\/910\/revisions"}],"predecessor-version":[{"id":915,"href":"https:\/\/vpsgiare.asia\/vi\/wp-json\/wp\/v2\/pages\/910\/revisions\/915"}],"wp:attachment":[{"href":"https:\/\/vpsgiare.asia\/vi\/wp-json\/wp\/v2\/media?parent=910"}],"curies":[{"name":"wp","href":"https:\/\/api.w.org\/{rel}","templated":true}]}}